{"id":515,"date":"2016-07-13T13:35:14","date_gmt":"2016-07-13T11:35:14","guid":{"rendered":"https:\/\/www.gestiofiscal.cat\/?page_id=515"},"modified":"2024-10-31T09:44:30","modified_gmt":"2024-10-31T07:44:30","slug":"inicio","status":"publish","type":"page","link":"https:\/\/www.gestiofiscal.cat\/es\/","title":{"rendered":"Inicio"},"content":{"rendered":"<div class=\"wpb-content-wrapper\"><p>[vc_row css_animation=\u00bb\u00bb row_type=\u00bbrow\u00bb use_row_as_full_screen_section=\u00bbno\u00bb type=\u00bbgrid\u00bb angled_section=\u00bbno\u00bb text_align=\u00bbleft\u00bb background_image_as_pattern=\u00bbwithout_pattern\u00bb z_index=\u00bb\u00bb background_image=\u00bb217&#8243; background_color=\u00bb#FFFFFF\u00bb][vc_column offset=\u00bbvc_hidden-xs\u00bb][vc_empty_space height=\u00bb200&#8243;][vc_column_text css=\u00bb\u00bb]<\/p>\n<h1><span style=\"color: #000000;\">GESTOR\u00cdA ESPECIALIZADA<\/span><br \/>\n<span style=\"color: #000000;\">EN AUT\u00d3NOMOS Y EMPRESAS<\/span><\/h1>\n<p>[\/vc_column_text][vc_empty_space height=\u00bb25&#8243;]<div class=\"custom_font_holder \" style=\" font-style: normal; font-weight: 600; color: #000000; text-decoration: none; text-align: left; --qode-cf-font-size: 24px; --qode-cf-line-height: 24px; --qode-cf-font-size-1440: 24px; --qode-cf-line-height-1440: 24px; --qode-cf-font-size-1366: 24px; --qode-cf-line-height-1366: 24px; --qode-cf-font-size-1280: 24px; --qode-cf-line-height-1280: 24px; --qode-cf-font-size-1024: 24px; --qode-cf-line-height-1024: 24px; --qode-cf-font-size-768: 24px; --qode-cf-line-height-768: 24px; --qode-cf-font-size-680: 24px; --qode-cf-line-height-680: 24px; --qode-cf-font-size-480: 24px; --qode-cf-line-height-480: 24px;\">ASESOR\u00cdA FISCAL, ASESOR\u00cdA CONTABLE, FACTURA ELECTR\u00d3NICA, CONFECCI\u00d3N\/DECLARACI\u00d3N DE IMPUESTOS, TR\u00c1MITES CON HACIENDA, DECLARACIONES DE LA RENTA Y ASESOR\u00cdA LABORAL PARA AUT\u00d3NOMOS Y EMPRESAS.<\/div>[vc_empty_space height=\u00bb25&#8243;]<a  itemprop=\"url\" href=\"\/es\/servicios\/\" target=\"_self\"  class=\"qbutton  default\" style=\"\">EXPLORA LOS SERVICIOS<\/a>[vc_empty_space height=\u00bb200&#8243;][\/vc_column][\/vc_row][vc_row css_animation=\u00bb\u00bb row_type=\u00bbrow\u00bb use_row_as_full_screen_section=\u00bbno\u00bb type=\u00bbgrid\u00bb angled_section=\u00bbno\u00bb text_align=\u00bbleft\u00bb background_image_as_pattern=\u00bbwithout_pattern\u00bb z_index=\u00bb\u00bb background_image=\u00bb217&#8243; background_color=\u00bb#FFFFFF\u00bb css=\u00bb.vc_custom_1730360473861{margin-top: -20px !important;}\u00bb][vc_column offset=\u00bbvc_hidden-lg vc_hidden-md vc_hidden-sm\u00bb][vc_empty_space height=\u00bb50&#8243;][vc_column_text css=\u00bb\u00bb]<\/p>\n<h1><span style=\"color: #000000;\">GESTOR\u00cdA ESPECIALIZADA<\/span><br \/>\n<span style=\"color: #000000;\">EN AUT\u00d3NOMOS Y EMPRESAS<\/span><\/h1>\n<p>[\/vc_column_text][vc_empty_space height=\u00bb25&#8243;]<div class=\"custom_font_holder \" style=\" font-style: normal; font-weight: 500; color: #000000; text-decoration: none; text-align: left; --qode-cf-font-size: 18px; --qode-cf-line-height: 20px; --qode-cf-font-size-1440: 18px; --qode-cf-line-height-1440: 20px; --qode-cf-font-size-1366: 18px; --qode-cf-line-height-1366: 20px; --qode-cf-font-size-1280: 18px; --qode-cf-line-height-1280: 20px; --qode-cf-font-size-1024: 18px; --qode-cf-line-height-1024: 20px; --qode-cf-font-size-768: 18px; --qode-cf-line-height-768: 20px; --qode-cf-font-size-680: 18px; --qode-cf-line-height-680: 20px; --qode-cf-font-size-480: 18px; --qode-cf-line-height-480: 20px;\">ASESOR\u00cdA FISCAL, ASESOR\u00cdA CONTABLE, FACTURA ELECTR\u00d3NICA, CONFECCI\u00d3N\/DECLARACI\u00d3N DE IMPUESTOS, TR\u00c1MITES CON HACIENDA, DECLARACIONES DE LA RENTA Y ASESOR\u00cdA LABORAL PARA AUT\u00d3NOMOS Y EMPRESAS.<\/div>[vc_empty_space height=\u00bb25&#8243;]<a  itemprop=\"url\" href=\"\/es\/servicios\/\" target=\"_self\"  class=\"qbutton  default\" style=\"\">EXPLORA LOS SERVICIOS<\/a>[vc_empty_space height=\u00bb50&#8243;][\/vc_column][\/vc_row][vc_row css_animation=\u00bb\u00bb row_type=\u00bbrow\u00bb use_row_as_full_screen_section=\u00bbno\u00bb type=\u00bbgrid\u00bb angled_section=\u00bbno\u00bb text_align=\u00bbleft\u00bb background_image_as_pattern=\u00bbwithout_pattern\u00bb z_index=\u00bb\u00bb anchor=\u00bbinici\u00bb][vc_column offset=\u00bbvc_hidden-xs\u00bb][vc_empty_space height=\u00bb75&#8243;][vc_column_text css=\u00bb\u00bb]<\/p>\n<h2><img loading=\"lazy\" decoding=\"async\" class=\"alignnone size-full wp-image-248\" src=\"https:\/\/www.gestiofiscal.cat\/wp-content\/uploads\/2024\/09\/hecana-gestio-fiscal-favicon.png\" alt=\"\" width=\"100\" height=\"100\" \/> SERVICIOS DE LA GESTOR\u00cdA HECANA<\/h2>\n<p>[\/vc_column_text][vc_separator type=\u00bbsmall\u00bb position=\u00bbright\u00bb color=\u00bb#000000&#8243; thickness=\u00bb2&#8243; up=\u00bb-28&#8243; down=\u00bb0&#8243; width=\u00bb1187&#8243;][vc_empty_space height=\u00bb25&#8243;][\/vc_column][\/vc_row][vc_row css_animation=\u00bb\u00bb row_type=\u00bbrow\u00bb use_row_as_full_screen_section=\u00bbno\u00bb type=\u00bbgrid\u00bb angled_section=\u00bbno\u00bb text_align=\u00bbleft\u00bb background_image_as_pattern=\u00bbwithout_pattern\u00bb z_index=\u00bb\u00bb anchor=\u00bbinici\u00bb][vc_column offset=\u00bbvc_hidden-lg vc_hidden-md vc_hidden-sm\u00bb][vc_empty_space height=\u00bb75&#8243;][vc_column_text css=\u00bb\u00bb]<\/p>\n<h2>SERVICIOS DE LA GESTOR\u00cdA HECANA<\/h2>\n<p>[\/vc_column_text][vc_separator type=\u00bbnormal\u00bb color=\u00bb#000000&#8243; thickness=\u00bb1&#8243; up=\u00bb5&#8243; down=\u00bb0&#8243;][\/vc_column][\/vc_row][vc_row css_animation=\u00bb\u00bb row_type=\u00bbrow\u00bb use_row_as_full_screen_section=\u00bbno\u00bb type=\u00bbgrid\u00bb angled_section=\u00bbno\u00bb text_align=\u00bbleft\u00bb background_image_as_pattern=\u00bbwithout_pattern\u00bb z_index=\u00bb\u00bb padding_top=\u00bb75&#8243; padding_bottom=\u00bb25&#8243;][vc_column offset=\u00bbvc_col-lg-3 vc_col-md-3&#8243;]<span data-type=\"square\" data-hover-bg-color=\"#FF8F00\" data-hover-icon-color=\"#ffffff\" class=\"qode_icon_shortcode fa-stack q_font_awsome_icon_square fa-lg  \" style=\"background-color: #FF8F00;border: 0px solid #FF8F00;font-size: 36px;font-size: 36px;border-radius: 4px; \"><span aria-hidden=\"true\" class=\"qode_icon_font_elegant icon_piechart qode_icon_element\" style=\"font-size: 36px;color: #ffffff;\" ><\/span><\/span>[vc_empty_space height=\u00bb21px\u00bb][vc_column_text css=\u00bb\u00bb]<\/p>\n<h3><a href=\"\/es\/servicios\/#fiscal\">Asesoramiento<br \/>\nfiscal<\/a><\/h3>\n<p>[\/vc_column_text][vc_separator type=\u00bbsmall\u00bb position=\u00bbleft\u00bb thickness=\u00bb2&#8243; width=\u00bb50&#8243; up=\u00bb10&#8243; down=\u00bb30&#8243;][vc_column_text css=\u00bb\u00bb]Asesoramiento personalizado para optimizar la gesti\u00f3n fiscal de particulares, aut\u00f3nomos y empresas, maximizando las ventajas fiscales.[\/vc_column_text][vc_empty_space height=\u00bb40px\u00bb][\/vc_column][vc_column offset=\u00bbvc_col-lg-3 vc_col-md-3&#8243;]<span data-type=\"square\" data-hover-bg-color=\"#FF8F00\" data-hover-icon-color=\"#ffffff\" class=\"qode_icon_shortcode fa-stack q_font_awsome_icon_square fa-lg  \" style=\"background-color: #FF8F00;border: 0px solid #FF8F00;font-size: 36px;font-size: 36px;border-radius: 4px; \"><span aria-hidden=\"true\" class=\"qode_icon_font_elegant icon_calulator qode_icon_element\" style=\"font-size: 36px;color: #ffffff;\" ><\/span><\/span>[vc_empty_space height=\u00bb21px\u00bb][vc_column_text css=\u00bb\u00bb]<\/p>\n<h3><a href=\"\/es\/servicios\/#comptable\">Asesoramiento<br \/>\ncontable<\/a><\/h3>\n<p>[\/vc_column_text][vc_separator type=\u00bbsmall\u00bb position=\u00bbleft\u00bb thickness=\u00bb2&#8243; width=\u00bb50&#8243; up=\u00bb10&#8243; down=\u00bb30&#8243;][vc_column_text css=\u00bb\u00bb]Llevamos la contabilidad de forma precisa y eficaz, proporcionando informes financieros claros para la toma de decisiones empresariales.[\/vc_column_text][vc_empty_space height=\u00bb40px\u00bb][\/vc_column][vc_column offset=\u00bbvc_col-lg-3 vc_col-md-3&#8243;]<span data-type=\"square\" data-hover-bg-color=\"#FF8F00\" data-hover-icon-color=\"#ffffff\" class=\"qode_icon_shortcode fa-stack q_font_awsome_icon_square fa-lg  \" style=\"background-color: #FF8F00;border: 0px solid #FF8F00;font-size: 36px;font-size: 36px;border-radius: 4px; \"><span aria-hidden=\"true\" class=\"qode_icon_font_elegant icon_document_alt qode_icon_element\" style=\"font-size: 36px;color: #ffffff;\" ><\/span><\/span>[vc_empty_space height=\u00bb21px\u00bb][vc_column_text css=\u00bb\u00bb]<\/p>\n<h3><a href=\"\/es\/servicios\/#factura\">Factura<br \/>\nelectr\u00f3nica<\/a><\/h3>\n<p>[\/vc_column_text][vc_separator type=\u00bbsmall\u00bb position=\u00bbleft\u00bb thickness=\u00bb2&#8243; width=\u00bb50&#8243; up=\u00bb10&#8243; down=\u00bb30&#8243;][vc_column_text css=\u00bb\u00bb]Implementamos y gestionamos sistemas de facturaci\u00f3n electr\u00f3nica para agilizar los tr\u00e1mites y garantizar su cumplimiento legal.[\/vc_column_text][vc_empty_space height=\u00bb40px\u00bb][\/vc_column][vc_column offset=\u00bbvc_col-lg-3 vc_col-md-3&#8243;]<span data-type=\"square\" data-hover-bg-color=\"#FF8F00\" data-hover-icon-color=\"#ffffff\" class=\"qode_icon_shortcode fa-stack q_font_awsome_icon_square fa-lg  \" style=\"background-color: #FF8F00;border: 0px solid #FF8F00;font-size: 36px;font-size: 36px;border-radius: 4px; \"><span aria-hidden=\"true\" class=\"qode_icon_font_elegant icon_key qode_icon_element\" style=\"font-size: 36px;color: #ffffff;\" ><\/span><\/span>[vc_empty_space height=\u00bb21px\u00bb][vc_column_text css=\u00bb\u00bb]<\/p>\n<h3><a href=\"\/es\/servicios\/#emprenedoria\">Ayuda a la creaci\u00f3n<br \/>\nde empresas y emprendedur\u00eda<\/a><\/h3>\n<p>[\/vc_column_text][vc_separator type=\u00bbsmall\u00bb position=\u00bbleft\u00bb thickness=\u00bb2&#8243; width=\u00bb50&#8243; up=\u00bb10&#8243; down=\u00bb30&#8243;][vc_column_text css=\u00bb\u00bb]Acompa\u00f1amos a los emprendedores en la creaci\u00f3n de su empresa, asesorando en los pasos legales y financieros necesarios para el \u00e9xito.[\/vc_column_text][vc_empty_space height=\u00bb40px\u00bb][\/vc_column][\/vc_row][vc_row css_animation=\u00bb\u00bb row_type=\u00bbrow\u00bb use_row_as_full_screen_section=\u00bbno\u00bb type=\u00bbgrid\u00bb angled_section=\u00bbno\u00bb text_align=\u00bbleft\u00bb background_image_as_pattern=\u00bbwithout_pattern\u00bb z_index=\u00bb\u00bb padding_top=\u00bb25&#8243; padding_bottom=\u00bb75&#8243;][vc_column offset=\u00bbvc_col-lg-3 vc_col-md-3&#8243;]<span data-type=\"square\" data-hover-bg-color=\"#FF8F00\" data-hover-icon-color=\"#ffffff\" class=\"qode_icon_shortcode fa-stack q_font_awsome_icon_square fa-lg  \" style=\"background-color: #FF8F00;border: 0px solid #FF8F00;font-size: 36px;font-size: 36px;border-radius: 4px; \"><span aria-hidden=\"true\" class=\"qode_icon_font_elegant icon_paperclip qode_icon_element\" style=\"font-size: 36px;color: #ffffff;\" ><\/span><\/span>[vc_empty_space height=\u00bb21px\u00bb][vc_column_text css=\u00bb\u00bb]<\/p>\n<h3><a href=\"\/es\/servicios\/#impostos\">Confecci\u00f3n\/declaraci\u00f3n<br \/>\nde impuestos<\/a><\/h3>\n<p>[\/vc_column_text][vc_separator type=\u00bbsmall\u00bb position=\u00bbleft\u00bb thickness=\u00bb2&#8243; width=\u00bb50&#8243; up=\u00bb10&#8243; down=\u00bb30&#8243;][vc_column_text css=\u00bb\u00bb]Nos encargamos de preparar y presentar los impuestos, asegur\u00e1ndonos que todo est\u00e9 al d\u00eda con sus obligaciones fiscales.[\/vc_column_text][vc_empty_space height=\u00bb40px\u00bb][\/vc_column][vc_column offset=\u00bbvc_col-lg-3 vc_col-md-3&#8243;]<span data-type=\"square\" data-hover-bg-color=\"#FF8F00\" data-hover-icon-color=\"#ffffff\" class=\"qode_icon_shortcode fa-stack q_font_awsome_icon_square fa-lg  \" style=\"background-color: #FF8F00;border: 0px solid #FF8F00;font-size: 36px;font-size: 36px;border-radius: 4px; \"><span aria-hidden=\"true\" class=\"qode_icon_font_elegant icon_pencil qode_icon_element\" style=\"font-size: 36px;color: #ffffff;\" ><\/span><\/span>[vc_empty_space height=\u00bb21px\u00bb][vc_column_text css=\u00bb\u00bb]<\/p>\n<h3><a href=\"\/es\/servicios\/#hisenda\">Tr\u00e1mites<br \/>\ncon Hacienda<\/a><\/h3>\n<p>[\/vc_column_text][vc_separator type=\u00bbsmall\u00bb position=\u00bbleft\u00bb thickness=\u00bb2&#8243; width=\u00bb50&#8243; up=\u00bb10&#8243; down=\u00bb30&#8243;][vc_column_text css=\u00bb\u00bb]Realizamos todos los tr\u00e1mites y gestiones necesarios ante Hacienda, evitando dolores de cabeza y posibles sanciones.[\/vc_column_text][vc_empty_space height=\u00bb40px\u00bb][\/vc_column][vc_column offset=\u00bbvc_col-lg-3 vc_col-md-3&#8243;]<span data-type=\"square\" data-hover-bg-color=\"#FF8F00\" data-hover-icon-color=\"#ffffff\" class=\"qode_icon_shortcode fa-stack q_font_awsome_icon_square fa-lg  \" style=\"background-color: #FF8F00;border: 0px solid #FF8F00;font-size: 36px;font-size: 36px;border-radius: 4px; \"><span aria-hidden=\"true\" class=\"qode_icon_font_elegant icon_house qode_icon_element\" style=\"font-size: 36px;color: #ffffff;\" ><\/span><\/span>[vc_empty_space height=\u00bb21px\u00bb][vc_column_text css=\u00bb\u00bb]<\/p>\n<h3><a href=\"\/es\/servicios\/#declaracio\">Declaraci\u00f3n<br \/>\nde la renta<\/a><\/h3>\n<p>[\/vc_column_text][vc_separator type=\u00bbsmall\u00bb position=\u00bbleft\u00bb thickness=\u00bb2&#8243; width=\u00bb50&#8243; up=\u00bb10&#8243; down=\u00bb30&#8243;][vc_column_text css=\u00bb\u00bb]Preparamos y presentamos tu declaraci\u00f3n de la renta de forma eficiente, optimizando los resultados fiscales.[\/vc_column_text][vc_empty_space height=\u00bb40px\u00bb][\/vc_column][vc_column offset=\u00bbvc_col-lg-3 vc_col-md-3&#8243;]<span data-type=\"square\" data-hover-bg-color=\"#FF8F00\" data-hover-icon-color=\"#ffffff\" class=\"qode_icon_shortcode fa-stack q_font_awsome_icon_square fa-lg  \" style=\"background-color: #FF8F00;border: 0px solid #FF8F00;font-size: 36px;font-size: 36px;border-radius: 4px; \"><span aria-hidden=\"true\" class=\"qode_icon_font_elegant icon_briefcase qode_icon_element\" style=\"font-size: 36px;color: #ffffff;\" ><\/span><\/span>[vc_empty_space height=\u00bb21px\u00bb][vc_column_text css=\u00bb\u00bb]<\/p>\n<h3><a href=\"\/es\/servicios\/#laboral\">Asesoramiento laboral<br \/>\naut\u00f3nomos y empresas<\/a><\/h3>\n<p>[\/vc_column_text][vc_separator type=\u00bbsmall\u00bb position=\u00bbleft\u00bb thickness=\u00bb2&#8243; width=\u00bb50&#8243; up=\u00bb10&#8243; down=\u00bb30&#8243;][vc_column_text css=\u00bb\u00bb]Ofrecemos soporte integral en la gesti\u00f3n de n\u00f3minas, contratos y cotizaciones, garantizando el cumplimiento de la normativa laboral vigente.[\/vc_column_text][vc_empty_space height=\u00bb40px\u00bb][\/vc_column][\/vc_row][vc_row css_animation=\u00bb\u00bb row_type=\u00bbrow\u00bb use_row_as_full_screen_section=\u00bbno\u00bb type=\u00bbfull_width\u00bb angled_section=\u00bbno\u00bb text_align=\u00bbleft\u00bb background_image_as_pattern=\u00bbwithout_pattern\u00bb][vc_column]<div class=\"call_to_action simple\" style=\"background-color: #00819E;padding-top: 50px;padding-bottom: 50px;\"><div class=\"text_wrapper column1\"><div class=\"call_to_action_text  font_size_inherit font_weight_inherit letter_spacing_inherit\" style=\"font-size:25px;font-weight: 600;letter-spacing: 0px;\"><span style=\"color: #ffffff;\">Si tienes cuestiones por resolver, \u00a1no dudes en contactarnos!<\/span><\/div><a itemprop=\"url\" href=\"\/es\/contacto\/\" class=\"qbutton white \" target=\"\" style=\"\" >CONT\u00c1CTANOS<\/a><\/div><\/div>[\/vc_column][\/vc_row]<\/p>\n<\/div>","protected":false},"excerpt":{"rendered":"<p>[vc_row css_animation=\u00bb\u00bb row_type=\u00bbrow\u00bb use_row_as_full_screen_section=\u00bbno\u00bb type=\u00bbgrid\u00bb angled_section=\u00bbno\u00bb text_align=\u00bbleft\u00bb background_image_as_pattern=\u00bbwithout_pattern\u00bb z_index=\u00bb\u00bb background_image=\u00bb217&#8243; background_color=\u00bb#FFFFFF\u00bb][vc_column offset=\u00bbvc_hidden-xs\u00bb][vc_empty_space height=\u00bb200&#8243;][vc_column_text css=\u00bb\u00bb] GESTOR\u00cdA ESPECIALIZADA EN AUT\u00d3NOMOS Y EMPRESAS [\/vc_column_text][vc_empty_space height=\u00bb25&#8243;][vc_empty_space height=\u00bb25&#8243;][vc_empty_space height=\u00bb200&#8243;][\/vc_column][\/vc_row][vc_row css_animation=\u00bb\u00bb row_type=\u00bbrow\u00bb use_row_as_full_screen_section=\u00bbno\u00bb type=\u00bbgrid\u00bb angled_section=\u00bbno\u00bb text_align=\u00bbleft\u00bb background_image_as_pattern=\u00bbwithout_pattern\u00bb z_index=\u00bb\u00bb background_image=\u00bb217&#8243; background_color=\u00bb#FFFFFF\u00bb css=\u00bb.vc_custom_1730360473861{margin-top: -20px !important;}\u00bb][vc_column offset=\u00bbvc_hidden-lg vc_hidden-md vc_hidden-sm\u00bb][vc_empty_space height=\u00bb50&#8243;][vc_column_text css=\u00bb\u00bb] GESTOR\u00cdA ESPECIALIZADA EN&hellip; <a class=\"continue\" href=\"https:\/\/www.gestiofiscal.cat\/es\/\">CONTINUAR >><span> Inicio<\/span><\/a><\/p>\n","protected":false},"author":1,"featured_media":0,"parent":0,"menu_order":0,"comment_status":"closed","ping_status":"closed","template":"full_width.php","meta":{"_joinchat":[],"footnotes":""},"class_list":["post-515","page","type-page","status-publish","hentry"],"_links":{"self":[{"href":"https:\/\/www.gestiofiscal.cat\/es\/wp-json\/wp\/v2\/pages\/515","targetHints":{"allow":["GET"]}}],"collection":[{"href":"https:\/\/www.gestiofiscal.cat\/es\/wp-json\/wp\/v2\/pages"}],"about":[{"href":"https:\/\/www.gestiofiscal.cat\/es\/wp-json\/wp\/v2\/types\/page"}],"author":[{"embeddable":true,"href":"https:\/\/www.gestiofiscal.cat\/es\/wp-json\/wp\/v2\/users\/1"}],"replies":[{"embeddable":true,"href":"https:\/\/www.gestiofiscal.cat\/es\/wp-json\/wp\/v2\/comments?post=515"}],"version-history":[{"count":7,"href":"https:\/\/www.gestiofiscal.cat\/es\/wp-json\/wp\/v2\/pages\/515\/revisions"}],"predecessor-version":[{"id":618,"href":"https:\/\/www.gestiofiscal.cat\/es\/wp-json\/wp\/v2\/pages\/515\/revisions\/618"}],"wp:attachment":[{"href":"https:\/\/www.gestiofiscal.cat\/es\/wp-json\/wp\/v2\/media?parent=515"}],"curies":[{"name":"wp","href":"https:\/\/api.w.org\/{rel}","templated":true}]}}